{"id":2,"date":"2018-09-12T16:34:30","date_gmt":"2018-09-12T22:34:30","guid":{"rendered":"http:\/\/makanautos.com\/Elegance-Contest\/?page_id=2"},"modified":"2022-12-09T11:22:39","modified_gmt":"2022-12-09T17:22:39","slug":"about","status":"publish","type":"page","link":"https:\/\/makanautos.com\/Elegance-Contest\/about\/","title":{"rendered":"Sobre el concurso"},"content":{"rendered":"\t\t<div data-elementor-type=\"wp-page\" data-elementor-id=\"2\" class=\"elementor elementor-2\" data-elementor-post-type=\"page\">\n\t\t\t\t\t\t<section class=\"elementor-section elementor-top-section elementor-element elementor-element-7e76f5f elementor-section-boxed elementor-section-height-default elementor-section-height-default\" data-id=\"7e76f5f\" data-element_type=\"section\">\n\t\t\t\t\t\t<div class=\"elementor-container elementor-column-gap-default\">\n\t\t\t\t\t<div class=\"elementor-column elementor-col-100 elementor-top-column elementor-element elementor-element-52e1bc8\" data-id=\"52e1bc8\" data-element_type=\"column\">\n\t\t\t<div class=\"elementor-widget-wrap elementor-element-populated\">\n\t\t\t\t\t\t<div class=\"elementor-element elementor-element-556804d elementor-widget elementor-widget-heading\" data-id=\"556804d\" data-element_type=\"widget\" data-widget_type=\"heading.default\">\n\t\t\t\t<div class=\"elementor-widget-container\">\n\t\t\t<h2 class=\"elementor-heading-title elementor-size-default\">Sobre el concurso<\/h2>\t\t<\/div>\n\t\t\t\t<\/div>\n\t\t\t\t\t<\/div>\n\t\t<\/div>\n\t\t\t\t\t<\/div>\n\t\t<\/section>\n\t\t\t\t<section class=\"elementor-section elementor-top-section elementor-element elementor-element-23183b7 elementor-section-boxed elementor-section-height-default elementor-section-height-default\" data-id=\"23183b7\" data-element_type=\"section\">\n\t\t\t\t\t\t<div class=\"elementor-container elementor-column-gap-default\">\n\t\t\t\t\t<div class=\"elementor-column elementor-col-100 elementor-top-column elementor-element elementor-element-beb598c\" data-id=\"beb598c\" data-element_type=\"column\">\n\t\t\t<div class=\"elementor-widget-wrap elementor-element-populated\">\n\t\t\t\t\t\t<div class=\"elementor-element elementor-element-6f16de5 elementor-widget elementor-widget-image\" data-id=\"6f16de5\" data-element_type=\"widget\" data-widget_type=\"image.default\">\n\t\t\t\t<div class=\"elementor-widget-container\">\n\t\t\t\t\t\t\t\t\t\t\t\t\t<img fetchpriority=\"high\" decoding=\"async\" width=\"800\" height=\"534\" src=\"https:\/\/makanautos.com\/Elegance-Contest\/wp-content\/uploads\/2022\/12\/IMG_3804-1024x683.jpg\" class=\"attachment-large size-large wp-image-3351\" alt=\"\" srcset=\"https:\/\/makanautos.com\/Elegance-Contest\/wp-content\/uploads\/2022\/12\/IMG_3804-1024x683.jpg 1024w, https:\/\/makanautos.com\/Elegance-Contest\/wp-content\/uploads\/2022\/12\/IMG_3804-300x200.jpg 300w, https:\/\/makanautos.com\/Elegance-Contest\/wp-content\/uploads\/2022\/12\/IMG_3804-768x512.jpg 768w, https:\/\/makanautos.com\/Elegance-Contest\/wp-content\/uploads\/2022\/12\/IMG_3804-1536x1024.jpg 1536w, https:\/\/makanautos.com\/Elegance-Contest\/wp-content\/uploads\/2022\/12\/IMG_3804-2048x1365.jpg 2048w\" sizes=\"(max-width: 800px) 100vw, 800px\" \/>\t\t\t\t\t\t\t\t\t\t\t\t\t<\/div>\n\t\t\t\t<\/div>\n\t\t\t\t\t<\/div>\n\t\t<\/div>\n\t\t\t\t\t<\/div>\n\t\t<\/section>\n\t\t\t\t<section class=\"elementor-section elementor-top-section elementor-element elementor-element-5d3de42 elementor-section-boxed elementor-section-height-default elementor-section-height-default\" data-id=\"5d3de42\" data-element_type=\"section\">\n\t\t\t\t\t\t<div class=\"elementor-container elementor-column-gap-default\">\n\t\t\t\t\t<div class=\"elementor-column elementor-col-100 elementor-top-column elementor-element elementor-element-8a0ecf3\" data-id=\"8a0ecf3\" data-element_type=\"column\">\n\t\t\t<div class=\"elementor-widget-wrap elementor-element-populated\">\n\t\t\t\t\t\t<div class=\"elementor-element elementor-element-2be937d elementor-widget elementor-widget-text-editor\" data-id=\"2be937d\" data-element_type=\"widget\" data-widget_type=\"text-editor.default\">\n\t\t\t\t<div class=\"elementor-widget-container\">\n\t\t\t\t\t\t\t<h1>Concours D\u2019Elegance<\/h1>\n<p>Es el t\u00e9rmino con el que se denomina al evento de exhibici\u00f3n de autom\u00f3viles que son juzgados y calificados por sus m\u00e9ritos en t\u00e9rminos de originalidad, mantenimiento, limpieza y conservaci\u00f3n est\u00e9tica exterior e interior.<\/p>\n<h1>Participantes<\/h1>\n<p><span style=\"color: var( --e-global-color-text ); font-family: var( --e-global-typography-text-font-family ), Sans-serif; font-weight: var( --e-global-typography-text-font-weight ); font-size: 1rem;\">La participaci\u00f3n es exclusiva a autom\u00f3viles de la marca PORSCHE de cualquier a\u00f1o y modelo, los cuales deber\u00e1n ser formalmente inscritos con anticipaci\u00f3n<\/span><\/p><p><span style=\"color: var( --e-global-color-text ); font-family: var( --e-global-typography-text-font-family ), Sans-serif; font-weight: var( --e-global-typography-text-font-weight ); font-size: 1rem;\"><br><\/span><\/p>\t\t\t\t\t\t<\/div>\n\t\t\t\t<\/div>\n\t\t\t\t\t<\/div>\n\t\t<\/div>\n\t\t\t\t\t<\/div>\n\t\t<\/section>\n\t\t\t\t<\/div>\n\t\t","protected":false},"excerpt":{"rendered":"<p>Sobre el concurso Concours D\u2019Elegance Es el t\u00e9rmino con el que se denomina al evento de exhibici\u00f3n de autom\u00f3viles que son juzgados y calificados por sus m\u00e9ritos en t\u00e9rminos de originalidad, mantenimiento, limpieza y conservaci\u00f3n est\u00e9tica exterior e interior. Participantes La participaci\u00f3n es exclusiva a autom\u00f3viles de la marca PORSCHE de cualquier a\u00f1o y modelo, [&hellip;]<\/p>\n","protected":false},"author":1,"featured_media":0,"parent":0,"menu_order":0,"comment_status":"closed","ping_status":"closed","template":"","meta":{"footnotes":""},"class_list":["post-2","page","type-page","status-publish","hentry"],"_links":{"self":[{"href":"https:\/\/makanautos.com\/Elegance-Contest\/wp-json\/wp\/v2\/pages\/2"}],"collection":[{"href":"https:\/\/makanautos.com\/Elegance-Contest\/wp-json\/wp\/v2\/pages"}],"about":[{"href":"https:\/\/makanautos.com\/Elegance-Contest\/wp-json\/wp\/v2\/types\/page"}],"author":[{"embeddable":true,"href":"https:\/\/makanautos.com\/Elegance-Contest\/wp-json\/wp\/v2\/users\/1"}],"replies":[{"embeddable":true,"href":"https:\/\/makanautos.com\/Elegance-Contest\/wp-json\/wp\/v2\/comments?post=2"}],"version-history":[{"count":41,"href":"https:\/\/makanautos.com\/Elegance-Contest\/wp-json\/wp\/v2\/pages\/2\/revisions"}],"predecessor-version":[{"id":3466,"href":"https:\/\/makanautos.com\/Elegance-Contest\/wp-json\/wp\/v2\/pages\/2\/revisions\/3466"}],"wp:attachment":[{"href":"https:\/\/makanautos.com\/Elegance-Contest\/wp-json\/wp\/v2\/media?parent=2"}],"curies":[{"name":"wp","href":"https:\/\/api.w.org\/{rel}","templated":true}]}}